{"id":1552,"date":"2025-03-23T17:53:17","date_gmt":"2025-03-23T16:53:17","guid":{"rendered":"https:\/\/eurl-andreanicet.fr\/?page_id=1552"},"modified":"2025-03-30T18:16:21","modified_gmt":"2025-03-30T16:16:21","slug":"mentions-legales","status":"publish","type":"page","link":"https:\/\/eurl-andreanicet.fr\/?page_id=1552","title":{"rendered":"Mentions L\u00e9gales"},"content":{"rendered":"<style>.kb-row-layout-id1552_ef2f2d-f9 > .kt-row-column-wrap{align-content:start;}:where(.kb-row-layout-id1552_ef2f2d-f9 > .kt-row-column-wrap) > .wp-block-kadence-column{justify-content:start;}.kb-row-layout-id1552_ef2f2d-f9 > .kt-row-column-wrap{column-gap:var(--global-kb-gap-md, 2rem);row-gap:var(--global-kb-gap-md, 2rem);max-width:1200px;margin-left:auto;margin-right:auto;padding-top:150px;padding-right:25px;padding-bottom:150px;padding-left:25px;grid-template-columns:minmax(0, 1fr);}.kb-row-layout-id1552_ef2f2d-f9{background-image:url('http:\/\/eurl-andreanicet.fr\/wp-content\/uploads\/2025\/03\/homepage-concept-with-search-bar.jpg');background-size:cover;background-position:56.99999999999999% 100%;background-attachment:fixed;background-repeat:no-repeat;}.kb-row-layout-id1552_ef2f2d-f9 > .kt-row-layout-overlay{opacity:1;background:linear-gradient(130deg, var(--global-palette1) 0%, var(--global-palette2) 100%);mix-blend-mode:multiply;}.kb-row-layout-id1552_ef2f2d-f9 ,.kb-row-layout-id1552_ef2f2d-f9 h1,.kb-row-layout-id1552_ef2f2d-f9 h2,.kb-row-layout-id1552_ef2f2d-f9 h3,.kb-row-layout-id1552_ef2f2d-f9 h4,.kb-row-layout-id1552_ef2f2d-f9 h5,.kb-row-layout-id1552_ef2f2d-f9 h6{color:#ffffff;}.kb-row-layout-id1552_ef2f2d-f9 .kt-row-layout-bottom-sep{height:100px;}.kb-row-layout-id1552_ef2f2d-f9 .kt-row-layout-bottom-sep svg{width:100%;}.kb-row-layout-id1552_ef2f2d-f9 .kt-row-layout-bottom-sep svg{fill:var(--global-palette9, #ffffff)!important;}@media all and (max-width: 1024px), only screen and (min-device-width: 1024px) and (max-device-width: 1366px) and (-webkit-min-device-pixel-ratio: 2) and (hover: none){.kb-row-layout-id1552_ef2f2d-f9{background-attachment:scroll;}}@media all and (max-width: 1024px){.kb-row-layout-id1552_ef2f2d-f9 > .kt-row-column-wrap{grid-template-columns:minmax(0, 1fr);}}@media all and (max-width: 1024px){.kb-row-layout-id1552_ef2f2d-f9 .kt-row-layout-bottom-sep{height:px;}}@media all and (max-width: 1024px){.kb-row-layout-id1552_ef2f2d-f9 .kt-row-layout-bottom-sep svg{width:%;}}@media all and (max-width: 767px){.kb-row-layout-id1552_ef2f2d-f9 > .kt-row-column-wrap{grid-template-columns:minmax(0, 1fr);}.kb-row-layout-id1552_ef2f2d-f9 .kt-row-layout-bottom-sep{height:px;}.kb-row-layout-id1552_ef2f2d-f9 .kt-row-layout-bottom-sep svg{width:%;}}<\/style><div class=\"kb-row-layout-wrap kb-row-layout-id1552_ef2f2d-f9 alignfull has-theme-palette1-background-color kt-row-has-bg wp-block-kadence-rowlayout\"><div class=\"kt-row-layout-overlay kt-row-overlay-gradient\"><\/div><div class=\"kt-row-layout-bottom-sep kt-row-sep-type-sltl\"><svg viewBox=\"0 0 1000 100\" preserveAspectRatio=\"none\"><path d=\"M1000,0l-1000,100l1000,0l0,-100Z\" \/><\/svg><\/div><div class=\"kt-row-column-wrap kt-has-1-columns kt-row-layout-equal kt-tab-layout-inherit kt-mobile-layout-row kt-row-valign-top\">\n<style>.kadence-column1552_e290f3-6a > .kt-inside-inner-col,.kadence-column1552_e290f3-6a > .kt-inside-inner-col:before{border-top-left-radius:0px;border-top-right-radius:0px;border-bottom-right-radius:0px;border-bottom-left-radius:0px;}.kadence-column1552_e290f3-6a > .kt-inside-inner-col{column-gap:var(--global-kb-gap-sm, 1rem);}.kadence-column1552_e290f3-6a > .kt-inside-inner-col{flex-direction:column;}.kadence-column1552_e290f3-6a > .kt-inside-inner-col > .aligncenter{width:100%;}.kadence-column1552_e290f3-6a > .kt-inside-inner-col:before{opacity:0.3;}.kadence-column1552_e290f3-6a{position:relative;}@media all and (max-width: 1024px){.kadence-column1552_e290f3-6a > .kt-inside-inner-col{flex-direction:column;}}@media all and (max-width: 767px){.kadence-column1552_e290f3-6a > .kt-inside-inner-col{flex-direction:column;}}<\/style>\n<div class=\"wp-block-kadence-column kadence-column1552_e290f3-6a inner-column-1\"><div class=\"kt-inside-inner-col\"><style>.kb-row-layout-id1552_2587a3-0a > .kt-row-column-wrap{align-content:start;}:where(.kb-row-layout-id1552_2587a3-0a > .kt-row-column-wrap) > .wp-block-kadence-column{justify-content:start;}.kb-row-layout-id1552_2587a3-0a > .kt-row-column-wrap{column-gap:var(--global-kb-gap-md, 2rem);row-gap:var(--global-kb-gap-md, 2rem);max-width:1000px;margin-left:auto;margin-right:auto;padding-top:25px;padding-right:25px;padding-bottom:25px;padding-left:25px;grid-template-columns:minmax(0, 1fr);}.kb-row-layout-id1552_2587a3-0a > .kt-row-layout-overlay{opacity:0.30;}@media all and (max-width: 1024px){.kb-row-layout-id1552_2587a3-0a > .kt-row-column-wrap{grid-template-columns:minmax(0, 1fr);}}@media all and (max-width: 767px){.kb-row-layout-id1552_2587a3-0a > .kt-row-column-wrap{grid-template-columns:minmax(0, 1fr);}}<\/style><div class=\"kb-row-layout-wrap kb-row-layout-id1552_2587a3-0a alignnone wp-block-kadence-rowlayout\"><div class=\"kt-row-column-wrap kt-has-1-columns kt-row-layout-equal kt-tab-layout-inherit kt-mobile-layout-row kt-row-valign-top\">\n<style>.kadence-column1552_6fb430-5e > .kt-inside-inner-col,.kadence-column1552_6fb430-5e > .kt-inside-inner-col:before{border-top-left-radius:0px;border-top-right-radius:0px;border-bottom-right-radius:0px;border-bottom-left-radius:0px;}.kadence-column1552_6fb430-5e > .kt-inside-inner-col{column-gap:var(--global-kb-gap-sm, 1rem);}.kadence-column1552_6fb430-5e > .kt-inside-inner-col{flex-direction:column;}.kadence-column1552_6fb430-5e > .kt-inside-inner-col > .aligncenter{width:100%;}.kadence-column1552_6fb430-5e > .kt-inside-inner-col:before{opacity:0.3;}.kadence-column1552_6fb430-5e{position:relative;}@media all and (max-width: 1024px){.kadence-column1552_6fb430-5e > .kt-inside-inner-col{flex-direction:column;}}@media all and (max-width: 767px){.kadence-column1552_6fb430-5e > .kt-inside-inner-col{flex-direction:column;}}<\/style>\n<div class=\"wp-block-kadence-column kadence-column1552_6fb430-5e inner-column-1\"><div class=\"kt-inside-inner-col\"><style>.wp-block-kadence-advancedheading.kt-adv-heading1552_c64a70-13, .wp-block-kadence-advancedheading.kt-adv-heading1552_c64a70-13[data-kb-block=\"kb-adv-heading1552_c64a70-13\"]{text-align:center;font-size:20px;font-weight:normal;font-style:normal;text-transform:uppercase;letter-spacing:4px;}.wp-block-kadence-advancedheading.kt-adv-heading1552_c64a70-13 mark.kt-highlight, .wp-block-kadence-advancedheading.kt-adv-heading1552_c64a70-13[data-kb-block=\"kb-adv-heading1552_c64a70-13\"] mark.kt-highlight{font-weight:normal;font-style:normal;color:#f76a0c;-webkit-box-decoration-break:clone;box-decoration-break:clone;padding-top:0px;padding-right:0px;padding-bottom:0px;padding-left:0px;}@media all and (max-width: 767px){.wp-block-kadence-advancedheading.kt-adv-heading1552_c64a70-13, .wp-block-kadence-advancedheading.kt-adv-heading1552_c64a70-13[data-kb-block=\"kb-adv-heading1552_c64a70-13\"]{font-size:14px;}}<\/style>\n<h3 class=\"kt-adv-heading1552_c64a70-13 wp-block-kadence-advancedheading\" data-kb-block=\"kb-adv-heading1552_c64a70-13\"><\/h3>\n\n\n<style>.wp-block-kadence-advancedheading.kt-adv-heading1552_83ac90-65, .wp-block-kadence-advancedheading.kt-adv-heading1552_83ac90-65[data-kb-block=\"kb-adv-heading1552_83ac90-65\"]{margin-top:0.5em;text-align:center;font-size:50px;font-weight:normal;font-style:normal;}.wp-block-kadence-advancedheading.kt-adv-heading1552_83ac90-65 mark.kt-highlight, .wp-block-kadence-advancedheading.kt-adv-heading1552_83ac90-65[data-kb-block=\"kb-adv-heading1552_83ac90-65\"] mark.kt-highlight{font-weight:normal;font-style:normal;color:#f76a0c;-webkit-box-decoration-break:clone;box-decoration-break:clone;padding-top:0px;padding-right:0px;padding-bottom:0px;padding-left:0px;}@media all and (max-width: 767px){.wp-block-kadence-advancedheading.kt-adv-heading1552_83ac90-65, .wp-block-kadence-advancedheading.kt-adv-heading1552_83ac90-65[data-kb-block=\"kb-adv-heading1552_83ac90-65\"]{font-size:40px;}}<\/style>\n<h1 class=\"kt-adv-heading1552_83ac90-65 wp-block-kadence-advancedheading\" data-kb-block=\"kb-adv-heading1552_83ac90-65\">MENTIONS L\u00c9GALES<\/h1>\n<\/div><\/div>\n\n<\/div><\/div><\/div><\/div>\n\n<\/div><\/div>\n\n<style>.kb-row-layout-id1552_233d42-66 > .kt-row-column-wrap{align-content:center;}:where(.kb-row-layout-id1552_233d42-66 > .kt-row-column-wrap) > .wp-block-kadence-column{justify-content:center;}.kb-row-layout-id1552_233d42-66 > .kt-row-column-wrap{column-gap:39px;row-gap:var(--global-kb-gap-md, 2rem);max-width:1456px;margin-left:auto;margin-right:auto;padding-top:80px;padding-right:25px;padding-bottom:80px;padding-left:25px;grid-template-columns:minmax(0, 1fr);}.kb-row-layout-id1552_233d42-66 > .kt-row-layout-overlay{opacity:0.30;}.kb-row-layout-id1552_233d42-66 .kt-row-layout-bottom-sep{height:100px;}.kb-row-layout-id1552_233d42-66 .kt-row-layout-bottom-sep svg{width:100%;}.kb-row-layout-id1552_233d42-66 .kt-row-layout-bottom-sep svg{fill:#ffffff!important;}@media all and (max-width: 1024px){.kb-row-layout-id1552_233d42-66 > .kt-row-column-wrap{grid-template-columns:minmax(0, 1fr);}}@media all and (max-width: 1024px){.kb-row-layout-id1552_233d42-66 .kt-row-layout-bottom-sep{height:px;}}@media all and (max-width: 1024px){.kb-row-layout-id1552_233d42-66 .kt-row-layout-bottom-sep svg{width:%;}}@media all and (max-width: 767px){.kb-row-layout-id1552_233d42-66 > .kt-row-column-wrap{grid-template-columns:minmax(0, 1fr);}.kb-row-layout-id1552_233d42-66 .kt-row-layout-bottom-sep{height:px;}.kb-row-layout-id1552_233d42-66 .kt-row-layout-bottom-sep svg{width:%;}}<\/style><div class=\"kb-row-layout-wrap kb-row-layout-id1552_233d42-66 alignfull has-theme-palette9-background-color kt-row-has-bg wp-block-kadence-rowlayout\"><div class=\"kt-row-column-wrap kt-has-1-columns kt-row-layout-equal kt-tab-layout-inherit kt-mobile-layout-row kt-row-valign-middle\">\n<style>.kadence-column1552_c82825-36 > .kt-inside-inner-col,.kadence-column1552_c82825-36 > .kt-inside-inner-col:before{border-top-left-radius:0px;border-top-right-radius:0px;border-bottom-right-radius:0px;border-bottom-left-radius:0px;}.kadence-column1552_c82825-36 > .kt-inside-inner-col{column-gap:var(--global-kb-gap-sm, 1rem);}.kadence-column1552_c82825-36 > .kt-inside-inner-col{flex-direction:column;}.kadence-column1552_c82825-36 > .kt-inside-inner-col > .aligncenter{width:100%;}.kadence-column1552_c82825-36 > .kt-inside-inner-col:before{opacity:0.3;}.kadence-column1552_c82825-36{position:relative;}@media all and (max-width: 1024px){.kadence-column1552_c82825-36 > .kt-inside-inner-col{flex-direction:column;}}@media all and (max-width: 767px){.kadence-column1552_c82825-36 > .kt-inside-inner-col{flex-direction:column;}}<\/style>\n<div class=\"wp-block-kadence-column kadence-column1552_c82825-36 inner-column-1\"><div class=\"kt-inside-inner-col\"><\/div><\/div>\n\n\n<style>.kadence-column1552_e4cae4-b9 > .kt-inside-inner-col,.kadence-column1552_e4cae4-b9 > .kt-inside-inner-col:before{border-top-left-radius:0px;border-top-right-radius:0px;border-bottom-right-radius:0px;border-bottom-left-radius:0px;}.kadence-column1552_e4cae4-b9 > .kt-inside-inner-col{column-gap:var(--global-kb-gap-sm, 1rem);}.kadence-column1552_e4cae4-b9 > .kt-inside-inner-col{flex-direction:column;}.kadence-column1552_e4cae4-b9 > .kt-inside-inner-col > .aligncenter{width:100%;}.kadence-column1552_e4cae4-b9 > .kt-inside-inner-col:before{opacity:0.3;}.kadence-column1552_e4cae4-b9{position:relative;}@media all and (max-width: 1024px){.kadence-column1552_e4cae4-b9 > .kt-inside-inner-col{flex-direction:column;}}@media all and (max-width: 767px){.kadence-column1552_e4cae4-b9 > .kt-inside-inner-col{flex-direction:column;}}<\/style>\n<div class=\"wp-block-kadence-column kadence-column1552_e4cae4-b9 inner-column-2\"><div class=\"kt-inside-inner-col\"><style>.wp-block-kadence-advancedheading.kt-adv-heading1552_3f4781-f3, .wp-block-kadence-advancedheading.kt-adv-heading1552_3f4781-f3[data-kb-block=\"kb-adv-heading1552_3f4781-f3\"]{font-size:20px;font-weight:normal;font-style:normal;text-transform:uppercase;letter-spacing:4px;}.wp-block-kadence-advancedheading.kt-adv-heading1552_3f4781-f3 mark.kt-highlight, .wp-block-kadence-advancedheading.kt-adv-heading1552_3f4781-f3[data-kb-block=\"kb-adv-heading1552_3f4781-f3\"] mark.kt-highlight{font-weight:normal;font-style:normal;color:#f76a0c;-webkit-box-decoration-break:clone;box-decoration-break:clone;padding-top:0px;padding-right:0px;padding-bottom:0px;padding-left:0px;}@media all and (max-width: 767px){.wp-block-kadence-advancedheading.kt-adv-heading1552_3f4781-f3, .wp-block-kadence-advancedheading.kt-adv-heading1552_3f4781-f3[data-kb-block=\"kb-adv-heading1552_3f4781-f3\"]{font-size:14px;}}<\/style>\n<h3 class=\"kt-adv-heading1552_3f4781-f3 wp-block-kadence-advancedheading\" data-kb-block=\"kb-adv-heading1552_3f4781-f3\"><\/h3>\n\n\n<style>.wp-block-kadence-advancedheading.kt-adv-heading1552_92ebc9-cc, .wp-block-kadence-advancedheading.kt-adv-heading1552_92ebc9-cc[data-kb-block=\"kb-adv-heading1552_92ebc9-cc\"]{text-align:center;font-size:32px;font-weight:700;font-style:normal;font-family:Montserrat;}.wp-block-kadence-advancedheading.kt-adv-heading1552_92ebc9-cc mark.kt-highlight, .wp-block-kadence-advancedheading.kt-adv-heading1552_92ebc9-cc[data-kb-block=\"kb-adv-heading1552_92ebc9-cc\"] mark.kt-highlight{font-weight:normal;font-style:normal;color:#f76a0c;-webkit-box-decoration-break:clone;box-decoration-break:clone;padding-top:0px;padding-right:0px;padding-bottom:0px;padding-left:0px;}<\/style>\n<h1 class=\"kt-adv-heading1552_92ebc9-cc wp-block-kadence-advancedheading has-theme-palette-1-color has-text-color\" data-kb-block=\"kb-adv-heading1552_92ebc9-cc\"><\/h1>\n\n\n<style>.wp-block-kadence-advancedheading.kt-adv-heading1552_9d43a1-1a, .wp-block-kadence-advancedheading.kt-adv-heading1552_9d43a1-1a[data-kb-block=\"kb-adv-heading1552_9d43a1-1a\"]{text-align:left;font-size:18px;font-weight:normal;font-style:normal;}.wp-block-kadence-advancedheading.kt-adv-heading1552_9d43a1-1a mark.kt-highlight, .wp-block-kadence-advancedheading.kt-adv-heading1552_9d43a1-1a[data-kb-block=\"kb-adv-heading1552_9d43a1-1a\"] mark.kt-highlight{font-weight:normal;font-style:normal;color:#f76a0c;-webkit-box-decoration-break:clone;box-decoration-break:clone;padding-top:0px;padding-right:0px;padding-bottom:0px;padding-left:0px;}<\/style>\n<h4 class=\"kt-adv-heading1552_9d43a1-1a wp-block-kadence-advancedheading\" data-kb-block=\"kb-adv-heading1552_9d43a1-1a\"><br><br><strong>Identit\u00e9 de l\u2019\u00e9diteur<\/strong>\u00a0:<br>Nom ou raison sociale : EURL Andre Anicet<br>Adresse du si\u00e8ge social : 514 Rte d\u2019Auberives, 38370 Saint-Prim<br>Num\u00e9ro de t\u00e9l\u00e9phone : 06 67 02 81 75<br>Adresse e-mail : eurl.andreanicetelec@gmail.com<br><br>Siret :  479800302 00024<br><br>Directeur de la publication :<br>Le Directeur de la publication du Site est Armand Olivaux .<br><br><strong>H\u00e9bergeur du site<\/strong>\u00a0:<br>Nom de l\u2019h\u00e9bergeur : OVH SAS<br>Adresse de l\u2019h\u00e9bergeur : 2 rue Kellermann \u2013 BP 80157 \u2013 59053 Roubaix Cedex 1<br>Num\u00e9ro de t\u00e9l\u00e9phone de l\u2019h\u00e9bergeur : (contact t\u00e9l\u00e9phonique \/ email : 1007)<br><br><strong>Protection des donn\u00e9es personnelles :<\/strong><br>La protection des donn\u00e9es personnelles est un enjeu crucial dans le cadre de l\u2019utilisation de notre site. Nous nous engageons \u00e0 respecter la vie priv\u00e9e de nos utilisateurs en collectant uniquement les donn\u00e9es n\u00e9cessaires \u00e0 la fourniture de nos services. Les informations recueillies sont trait\u00e9es de mani\u00e8re s\u00e9curis\u00e9e et confidentielle, conform\u00e9ment \u00e0 la l\u00e9gislation en vigueur, notamment le R\u00e8glement G\u00e9n\u00e9ral sur la Protection des Donn\u00e9es (RGPD). Les utilisateurs disposent de droits d\u2019acc\u00e8s, de rectification et de suppression de leurs donn\u00e9es personnelles. Pour exercer ces droits. Nous ne partageons pas vos donn\u00e9es avec des tiers sans votre consentement pr\u00e9alable, sauf si cela est requis par la loi. Nous mettons \u00e9galement en \u0153uvre des mesures techniques et organisationnelles appropri\u00e9es pour prot\u00e9ger vos donn\u00e9es contre tout acc\u00e8s non autoris\u00e9.<br><br><strong>Cookies<\/strong>\u00a0:<br>Notre site utilise des cookies pour am\u00e9liorer votre exp\u00e9rience de navigation et analyser l\u2019utilisation de notre plateforme. Les cookies sont de petits fichiers texte d\u00e9pos\u00e9s sur votre appareil lorsque vous visitez notre site. Ils nous permettent de reconna\u00eetre votre navigateur et de collecter des informations sur votre navigation afin de personnaliser nos services et d\u2019optimiser notre contenu.<\/h4>\n<\/div><\/div>\n\n<\/div><\/div>","protected":false},"excerpt":{"rendered":"<p>MENTIONS L\u00c9GALES Identit\u00e9 de l\u2019\u00e9diteur\u00a0:Nom ou raison sociale : EURL Andre AnicetAdresse du si\u00e8ge social : 514 Rte d\u2019Auberives, 38370 Saint-PrimNum\u00e9ro de t\u00e9l\u00e9phone : 06 67 02 81 75Adresse e-mail&#8230;<\/p>\n","protected":false},"author":1,"featured_media":0,"parent":0,"menu_order":0,"comment_status":"closed","ping_status":"closed","template":"","meta":{"_EventAllDay":false,"_EventTimezone":"","_EventStartDate":"","_EventEndDate":"","_EventStartDateUTC":"","_EventEndDateUTC":"","_EventShowMap":false,"_EventShowMapLink":false,"_EventURL":"","_EventCost":"","_EventCostDescription":"","_EventCurrencySymbol":"","_EventCurrencyCode":"","_EventCurrencyPosition":"","_EventDateTimeSeparator":"","_EventTimeRangeSeparator":"","_EventOrganizerID":[],"_EventVenueID":[],"_OrganizerEmail":"","_OrganizerPhone":"","_OrganizerWebsite":"","_VenueAddress":"","_VenueCity":"","_VenueCountry":"","_VenueProvince":"","_VenueState":"","_VenueZip":"","_VenuePhone":"","_VenueURL":"","_VenueStateProvince":"","_VenueLat":"","_VenueLng":"","_VenueShowMap":false,"_VenueShowMapLink":false,"_kadence_starter_templates_imported_post":true,"_kad_post_transparent":"","_kad_post_title":"","_kad_post_layout":"","_kad_post_sidebar_id":"","_kad_post_content_style":"","_kad_post_vertical_padding":"","_kad_post_feature":"","_kad_post_feature_position":"","_kad_post_header":false,"_kad_post_footer":false,"footnotes":""},"class_list":["post-1552","page","type-page","status-publish","hentry"],"yoast_head":"<!-- This site is optimized with the Yoast SEO plugin v25.4 - https:\/\/yoast.com\/wordpress\/plugins\/seo\/ -->\n<title>Mentions L\u00e9gales - EURL andre anicet<\/title>\n<meta name=\"robots\" content=\"index, follow, max-snippet:-1, max-image-preview:large, max-video-preview:-1\" \/>\n<link rel=\"canonical\" href=\"https:\/\/eurl-andreanicet.fr\/?page_id=1552\" \/>\n<meta property=\"og:locale\" content=\"en_US\" \/>\n<meta property=\"og:type\" content=\"article\" \/>\n<meta property=\"og:title\" content=\"Mentions L\u00e9gales - EURL andre anicet\" \/>\n<meta property=\"og:description\" content=\"MENTIONS L\u00c9GALES Identit\u00e9 de l\u2019\u00e9diteur\u00a0:Nom ou raison sociale : EURL Andre AnicetAdresse du si\u00e8ge social : 514 Rte d\u2019Auberives, 38370 Saint-PrimNum\u00e9ro de t\u00e9l\u00e9phone : 06 67 02 81 75Adresse e-mail...\" \/>\n<meta property=\"og:url\" content=\"https:\/\/eurl-andreanicet.fr\/?page_id=1552\" \/>\n<meta property=\"og:site_name\" content=\"EURL andre anicet\" \/>\n<meta property=\"article:modified_time\" content=\"2025-03-30T16:16:21+00:00\" \/>\n<meta property=\"og:image\" content=\"https:\/\/eurl-andreanicet.fr\/wp-content\/uploads\/2025\/07\/logo.png\" \/>\n\t<meta property=\"og:image:width\" content=\"512\" \/>\n\t<meta property=\"og:image:height\" content=\"512\" \/>\n\t<meta property=\"og:image:type\" content=\"image\/png\" \/>\n<meta name=\"twitter:card\" content=\"summary_large_image\" \/>\n<meta name=\"twitter:label1\" content=\"Est. reading time\" \/>\n\t<meta name=\"twitter:data1\" content=\"1 minute\" \/>\n<script type=\"application\/ld+json\" class=\"yoast-schema-graph\">{\"@context\":\"https:\/\/schema.org\",\"@graph\":[{\"@type\":\"WebPage\",\"@id\":\"https:\/\/eurl-andreanicet.fr\/?page_id=1552\",\"url\":\"https:\/\/eurl-andreanicet.fr\/?page_id=1552\",\"name\":\"Mentions L\u00e9gales - EURL andre anicet\",\"isPartOf\":{\"@id\":\"https:\/\/eurl-andreanicet.fr\/#website\"},\"datePublished\":\"2025-03-23T16:53:17+00:00\",\"dateModified\":\"2025-03-30T16:16:21+00:00\",\"breadcrumb\":{\"@id\":\"https:\/\/eurl-andreanicet.fr\/?page_id=1552#breadcrumb\"},\"inLanguage\":\"en-US\",\"potentialAction\":[{\"@type\":\"ReadAction\",\"target\":[\"https:\/\/eurl-andreanicet.fr\/?page_id=1552\"]}]},{\"@type\":\"BreadcrumbList\",\"@id\":\"https:\/\/eurl-andreanicet.fr\/?page_id=1552#breadcrumb\",\"itemListElement\":[{\"@type\":\"ListItem\",\"position\":1,\"name\":\"Accueil\",\"item\":\"https:\/\/eurl-andreanicet.fr\/\"},{\"@type\":\"ListItem\",\"position\":2,\"name\":\"Mentions L\u00e9gales\"}]},{\"@type\":\"WebSite\",\"@id\":\"https:\/\/eurl-andreanicet.fr\/#website\",\"url\":\"https:\/\/eurl-andreanicet.fr\/\",\"name\":\"EURL andre anicet\",\"description\":\"&quot;Confort durable, \u00e9nergie renouvelable : climatisation et panneaux solaires pour un avenir plus vert !\",\"publisher\":{\"@id\":\"https:\/\/eurl-andreanicet.fr\/#organization\"},\"potentialAction\":[{\"@type\":\"SearchAction\",\"target\":{\"@type\":\"EntryPoint\",\"urlTemplate\":\"https:\/\/eurl-andreanicet.fr\/?s={search_term_string}\"},\"query-input\":{\"@type\":\"PropertyValueSpecification\",\"valueRequired\":true,\"valueName\":\"search_term_string\"}}],\"inLanguage\":\"en-US\"},{\"@type\":\"Organization\",\"@id\":\"https:\/\/eurl-andreanicet.fr\/#organization\",\"name\":\"EURL Andre Anicet\",\"url\":\"https:\/\/eurl-andreanicet.fr\/\",\"logo\":{\"@type\":\"ImageObject\",\"inLanguage\":\"en-US\",\"@id\":\"https:\/\/eurl-andreanicet.fr\/#\/schema\/logo\/image\/\",\"url\":\"https:\/\/eurl-andreanicet.fr\/wp-content\/uploads\/2025\/07\/logo.png\",\"contentUrl\":\"https:\/\/eurl-andreanicet.fr\/wp-content\/uploads\/2025\/07\/logo.png\",\"width\":512,\"height\":512,\"caption\":\"EURL Andre Anicet\"},\"image\":{\"@id\":\"https:\/\/eurl-andreanicet.fr\/#\/schema\/logo\/image\/\"}}]}<\/script>\n<!-- \/ Yoast SEO plugin. -->","yoast_head_json":{"title":"Mentions L\u00e9gales - EURL andre anicet","robots":{"index":"index","follow":"follow","max-snippet":"max-snippet:-1","max-image-preview":"max-image-preview:large","max-video-preview":"max-video-preview:-1"},"canonical":"https:\/\/eurl-andreanicet.fr\/?page_id=1552","og_locale":"en_US","og_type":"article","og_title":"Mentions L\u00e9gales - EURL andre anicet","og_description":"MENTIONS L\u00c9GALES Identit\u00e9 de l\u2019\u00e9diteur\u00a0:Nom ou raison sociale : EURL Andre AnicetAdresse du si\u00e8ge social : 514 Rte d\u2019Auberives, 38370 Saint-PrimNum\u00e9ro de t\u00e9l\u00e9phone : 06 67 02 81 75Adresse e-mail...","og_url":"https:\/\/eurl-andreanicet.fr\/?page_id=1552","og_site_name":"EURL andre anicet","article_modified_time":"2025-03-30T16:16:21+00:00","og_image":[{"width":512,"height":512,"url":"https:\/\/eurl-andreanicet.fr\/wp-content\/uploads\/2025\/07\/logo.png","type":"image\/png"}],"twitter_card":"summary_large_image","twitter_misc":{"Est. reading time":"1 minute"},"schema":{"@context":"https:\/\/schema.org","@graph":[{"@type":"WebPage","@id":"https:\/\/eurl-andreanicet.fr\/?page_id=1552","url":"https:\/\/eurl-andreanicet.fr\/?page_id=1552","name":"Mentions L\u00e9gales - EURL andre anicet","isPartOf":{"@id":"https:\/\/eurl-andreanicet.fr\/#website"},"datePublished":"2025-03-23T16:53:17+00:00","dateModified":"2025-03-30T16:16:21+00:00","breadcrumb":{"@id":"https:\/\/eurl-andreanicet.fr\/?page_id=1552#breadcrumb"},"inLanguage":"en-US","potentialAction":[{"@type":"ReadAction","target":["https:\/\/eurl-andreanicet.fr\/?page_id=1552"]}]},{"@type":"BreadcrumbList","@id":"https:\/\/eurl-andreanicet.fr\/?page_id=1552#breadcrumb","itemListElement":[{"@type":"ListItem","position":1,"name":"Accueil","item":"https:\/\/eurl-andreanicet.fr\/"},{"@type":"ListItem","position":2,"name":"Mentions L\u00e9gales"}]},{"@type":"WebSite","@id":"https:\/\/eurl-andreanicet.fr\/#website","url":"https:\/\/eurl-andreanicet.fr\/","name":"EURL andre anicet","description":"&quot;Confort durable, \u00e9nergie renouvelable : climatisation et panneaux solaires pour un avenir plus vert !","publisher":{"@id":"https:\/\/eurl-andreanicet.fr\/#organization"},"potentialAction":[{"@type":"SearchAction","target":{"@type":"EntryPoint","urlTemplate":"https:\/\/eurl-andreanicet.fr\/?s={search_term_string}"},"query-input":{"@type":"PropertyValueSpecification","valueRequired":true,"valueName":"search_term_string"}}],"inLanguage":"en-US"},{"@type":"Organization","@id":"https:\/\/eurl-andreanicet.fr\/#organization","name":"EURL Andre Anicet","url":"https:\/\/eurl-andreanicet.fr\/","logo":{"@type":"ImageObject","inLanguage":"en-US","@id":"https:\/\/eurl-andreanicet.fr\/#\/schema\/logo\/image\/","url":"https:\/\/eurl-andreanicet.fr\/wp-content\/uploads\/2025\/07\/logo.png","contentUrl":"https:\/\/eurl-andreanicet.fr\/wp-content\/uploads\/2025\/07\/logo.png","width":512,"height":512,"caption":"EURL Andre Anicet"},"image":{"@id":"https:\/\/eurl-andreanicet.fr\/#\/schema\/logo\/image\/"}}]}},"_links":{"self":[{"href":"https:\/\/eurl-andreanicet.fr\/index.php?rest_route=\/wp\/v2\/pages\/1552","targetHints":{"allow":["GET"]}}],"collection":[{"href":"https:\/\/eurl-andreanicet.fr\/index.php?rest_route=\/wp\/v2\/pages"}],"about":[{"href":"https:\/\/eurl-andreanicet.fr\/index.php?rest_route=\/wp\/v2\/types\/page"}],"author":[{"embeddable":true,"href":"https:\/\/eurl-andreanicet.fr\/index.php?rest_route=\/wp\/v2\/users\/1"}],"replies":[{"embeddable":true,"href":"https:\/\/eurl-andreanicet.fr\/index.php?rest_route=%2Fwp%2Fv2%2Fcomments&post=1552"}],"version-history":[{"count":4,"href":"https:\/\/eurl-andreanicet.fr\/index.php?rest_route=\/wp\/v2\/pages\/1552\/revisions"}],"predecessor-version":[{"id":1584,"href":"https:\/\/eurl-andreanicet.fr\/index.php?rest_route=\/wp\/v2\/pages\/1552\/revisions\/1584"}],"wp:attachment":[{"href":"https:\/\/eurl-andreanicet.fr\/index.php?rest_route=%2Fwp%2Fv2%2Fmedia&parent=1552"}],"curies":[{"name":"wp","href":"https:\/\/api.w.org\/{rel}","templated":true}]}}